{"id":79,"date":"2025-06-24T18:21:22","date_gmt":"2025-06-24T18:21:22","guid":{"rendered":"https:\/\/rapihouse.com\/?page_id=79"},"modified":"2025-06-24T20:38:58","modified_gmt":"2025-06-24T20:38:58","slug":"valores","status":"publish","type":"page","link":"https:\/\/rapihouse.com\/index.php\/valores\/","title":{"rendered":"VALORES"},"content":{"rendered":"\n<p><strong>1. Respeto:&nbsp;<\/strong>Reconocer el valor inherente de todas las personas y tratarlas con mucha consideraci\u00f3n, incluso si son diferentes a nosotros.<br><strong>2. Honestidad:&nbsp;<\/strong>Ser sincero y veraz en nuestras palabras y acciones, construyendo confianza y credibilidad con nuestros clientes.<br><strong>3. Empat\u00eda:&nbsp;<\/strong>Comprender y compartir los sentimientos de los dem\u00e1s, poni\u00e9ndonos en su lugar y mostrando comprensi\u00f3n en su b\u00fasqueda.<br><strong>4. Gratitud:&nbsp;<\/strong>Apreciar y expresar agradecimiento a Dios, por las cosas que tenemos y por las acciones positivas de los dem\u00e1s.<\/p>\n\n\n\n<figure class=\"wp-block-image size-large\"><img loading=\"lazy\" decoding=\"async\" width=\"1024\" height=\"965\" src=\"https:\/\/rapihouse.com\/wp-content\/uploads\/2025\/06\/vision-rapihouse-1-1024x965.jpeg\" alt=\"\" class=\"wp-image-102\" srcset=\"https:\/\/rapihouse.com\/wp-content\/uploads\/2025\/06\/vision-rapihouse-1-1024x965.jpeg 1024w, https:\/\/rapihouse.com\/wp-content\/uploads\/2025\/06\/vision-rapihouse-1-300x283.jpeg 300w, https:\/\/rapihouse.com\/wp-content\/uploads\/2025\/06\/vision-rapihouse-1-768x724.jpeg 768w, https:\/\/rapihouse.com\/wp-content\/uploads\/2025\/06\/vision-rapihouse-1.jpeg 1274w\" sizes=\"auto, (max-width: 1024px) 100vw, 1024px\" \/><\/figure>\n","protected":false},"excerpt":{"rendered":"<p>1. Respeto:&nbsp;Reconocer el valor inherente de todas las personas y tratarlas con mucha consideraci\u00f3n, incluso si son diferentes a nosotros.2. Honestidad:&nbsp;Ser sincero y veraz en nuestras palabras y acciones, construyendo confianza y credibilidad con nuestros clientes.3. Empat\u00eda:&nbsp;Comprender y compartir los sentimientos de los dem\u00e1s, poni\u00e9ndonos en su lugar y mostrando comprensi\u00f3n en su b\u00fasqueda.4. Gratitud:&nbsp;Apreciar [&hellip;]<\/p>\n","protected":false},"author":1,"featured_media":0,"parent":0,"menu_order":0,"comment_status":"closed","ping_status":"closed","template":"","meta":{"footnotes":""},"class_list":["post-79","page","type-page","status-publish","hentry"],"_links":{"self":[{"href":"https:\/\/rapihouse.com\/index.php\/wp-json\/wp\/v2\/pages\/79","targetHints":{"allow":["GET"]}}],"collection":[{"href":"https:\/\/rapihouse.com\/index.php\/wp-json\/wp\/v2\/pages"}],"about":[{"href":"https:\/\/rapihouse.com\/index.php\/wp-json\/wp\/v2\/types\/page"}],"author":[{"embeddable":true,"href":"https:\/\/rapihouse.com\/index.php\/wp-json\/wp\/v2\/users\/1"}],"replies":[{"embeddable":true,"href":"https:\/\/rapihouse.com\/index.php\/wp-json\/wp\/v2\/comments?post=79"}],"version-history":[{"count":2,"href":"https:\/\/rapihouse.com\/index.php\/wp-json\/wp\/v2\/pages\/79\/revisions"}],"predecessor-version":[{"id":103,"href":"https:\/\/rapihouse.com\/index.php\/wp-json\/wp\/v2\/pages\/79\/revisions\/103"}],"wp:attachment":[{"href":"https:\/\/rapihouse.com\/index.php\/wp-json\/wp\/v2\/media?parent=79"}],"curies":[{"name":"wp","href":"https:\/\/api.w.org\/{rel}","templated":true}]}}